{"id":15,"date":"2018-08-01T10:52:16","date_gmt":"2018-08-01T10:52:16","guid":{"rendered":"https:\/\/demo.wptravelengine.com\/travel-booking-pro\/?page_id=15"},"modified":"2020-02-20T06:39:35","modified_gmt":"2020-02-20T06:39:35","slug":"home","status":"publish","type":"page","link":"https:\/\/dmd-mongolie.com\/en\/","title":{"rendered":"Home"},"content":{"rendered":"","protected":false},"excerpt":{"rendered":"","protected":false},"author":1,"featured_media":0,"parent":0,"menu_order":0,"comment_status":"closed","ping_status":"closed","template":"","meta":{"content-type":"","_monsterinsights_skip_tracking":false,"_monsterinsights_sitenote_active":false,"_monsterinsights_sitenote_note":"","_monsterinsights_sitenote_category":0,"footnotes":""},"class_list":["post-15","page","type-page","status-publish","hentry","latest_post"],"yoast_head":"<!-- This site is optimized with the Yoast SEO plugin v26.7 - https:\/\/yoast.com\/wordpress\/plugins\/seo\/ -->\n<title>Discover Mongolia &amp; Development<\/title>\n<meta name=\"description\" content=\"Dynamique et engag\u00e9e pour le d\u00e9veloppement responsable du pays, l\u2019agence 100% locale est la r\u00e9f\u00e9rence sur le march\u00e9 local francophone depuis 19 ans.\" \/>\n<meta name=\"robots\" content=\"index, follow, max-snippet:-1, max-image-preview:large, max-video-preview:-1\" \/>\n<link rel=\"canonical\" href=\"https:\/\/dmd-mongolie.com\/en\/\" \/>\n<meta property=\"og:locale\" content=\"en_US\" \/>\n<meta property=\"og:type\" content=\"article\" \/>\n<meta property=\"og:title\" content=\"Discover Mongolia &amp; Development\" \/>\n<meta property=\"og:description\" content=\"Dynamique et engag\u00e9e pour le d\u00e9veloppement responsable du pays, l\u2019agence 100% locale est la r\u00e9f\u00e9rence sur le march\u00e9 local francophone depuis 19 ans.\" \/>\n<meta property=\"og:url\" content=\"https:\/\/dmd-mongolie.com\/en\/\" \/>\n<meta property=\"og:site_name\" content=\"DMD\" \/>\n<meta property=\"article:modified_time\" content=\"2020-02-20T06:39:35+00:00\" \/>\n<meta name=\"twitter:card\" content=\"summary_large_image\" \/>\n<script type=\"application\/ld+json\" class=\"yoast-schema-graph\">{\"@context\":\"https:\/\/schema.org\",\"@graph\":[{\"@type\":\"WebPage\",\"@id\":\"https:\/\/dmd-mongolie.com\/en\/\",\"url\":\"https:\/\/dmd-mongolie.com\/en\/\",\"name\":\"Discover Mongolia & Development\",\"isPartOf\":{\"@id\":\"https:\/\/dmd-mongolie.com\/en\/#website\"},\"datePublished\":\"2018-08-01T10:52:16+00:00\",\"dateModified\":\"2020-02-20T06:39:35+00:00\",\"description\":\"Dynamique et engag\u00e9e pour le d\u00e9veloppement responsable du pays, l\u2019agence 100% locale est la r\u00e9f\u00e9rence sur le march\u00e9 local francophone depuis 19 ans.\",\"inLanguage\":\"en-US\",\"potentialAction\":[{\"@type\":\"ReadAction\",\"target\":[\"https:\/\/dmd-mongolie.com\/en\/\"]}]},{\"@type\":\"WebSite\",\"@id\":\"https:\/\/dmd-mongolie.com\/en\/#website\",\"url\":\"https:\/\/dmd-mongolie.com\/en\/\",\"name\":\"DMD\",\"description\":\"Discover Mongolia &amp; Development\",\"publisher\":{\"@id\":\"https:\/\/dmd-mongolie.com\/en\/#organization\"},\"potentialAction\":[{\"@type\":\"SearchAction\",\"target\":{\"@type\":\"EntryPoint\",\"urlTemplate\":\"https:\/\/dmd-mongolie.com\/en\/?s={search_term_string}\"},\"query-input\":{\"@type\":\"PropertyValueSpecification\",\"valueRequired\":true,\"valueName\":\"search_term_string\"}}],\"inLanguage\":\"en-US\"},{\"@type\":\"Organization\",\"@id\":\"https:\/\/dmd-mongolie.com\/en\/#organization\",\"name\":\"DMD\",\"url\":\"https:\/\/dmd-mongolie.com\/en\/\",\"logo\":{\"@type\":\"ImageObject\",\"inLanguage\":\"en-US\",\"@id\":\"https:\/\/dmd-mongolie.com\/en\/#\/schema\/logo\/image\/\",\"url\":\"https:\/\/dmd-mongolie.com\/en\/wp-content\/uploads\/2023\/12\/cropped-DMD-Logo-small-sans-fond-2-1.png\",\"contentUrl\":\"https:\/\/dmd-mongolie.com\/en\/wp-content\/uploads\/2023\/12\/cropped-DMD-Logo-small-sans-fond-2-1.png\",\"width\":220,\"height\":91,\"caption\":\"DMD\"},\"image\":{\"@id\":\"https:\/\/dmd-mongolie.com\/en\/#\/schema\/logo\/image\/\"}}]}<\/script>\n<!-- \/ Yoast SEO plugin. -->","yoast_head_json":{"title":"Discover Mongolia & Development","description":"Dynamique et engag\u00e9e pour le d\u00e9veloppement responsable du pays, l\u2019agence 100% locale est la r\u00e9f\u00e9rence sur le march\u00e9 local francophone depuis 19 ans.","robots":{"index":"index","follow":"follow","max-snippet":"max-snippet:-1","max-image-preview":"max-image-preview:large","max-video-preview":"max-video-preview:-1"},"canonical":"https:\/\/dmd-mongolie.com\/en\/","og_locale":"en_US","og_type":"article","og_title":"Discover Mongolia & Development","og_description":"Dynamique et engag\u00e9e pour le d\u00e9veloppement responsable du pays, l\u2019agence 100% locale est la r\u00e9f\u00e9rence sur le march\u00e9 local francophone depuis 19 ans.","og_url":"https:\/\/dmd-mongolie.com\/en\/","og_site_name":"DMD","article_modified_time":"2020-02-20T06:39:35+00:00","twitter_card":"summary_large_image","schema":{"@context":"https:\/\/schema.org","@graph":[{"@type":"WebPage","@id":"https:\/\/dmd-mongolie.com\/en\/","url":"https:\/\/dmd-mongolie.com\/en\/","name":"Discover Mongolia & Development","isPartOf":{"@id":"https:\/\/dmd-mongolie.com\/en\/#website"},"datePublished":"2018-08-01T10:52:16+00:00","dateModified":"2020-02-20T06:39:35+00:00","description":"Dynamique et engag\u00e9e pour le d\u00e9veloppement responsable du pays, l\u2019agence 100% locale est la r\u00e9f\u00e9rence sur le march\u00e9 local francophone depuis 19 ans.","inLanguage":"en-US","potentialAction":[{"@type":"ReadAction","target":["https:\/\/dmd-mongolie.com\/en\/"]}]},{"@type":"WebSite","@id":"https:\/\/dmd-mongolie.com\/en\/#website","url":"https:\/\/dmd-mongolie.com\/en\/","name":"DMD","description":"Discover Mongolia &amp; Development","publisher":{"@id":"https:\/\/dmd-mongolie.com\/en\/#organization"},"potentialAction":[{"@type":"SearchAction","target":{"@type":"EntryPoint","urlTemplate":"https:\/\/dmd-mongolie.com\/en\/?s={search_term_string}"},"query-input":{"@type":"PropertyValueSpecification","valueRequired":true,"valueName":"search_term_string"}}],"inLanguage":"en-US"},{"@type":"Organization","@id":"https:\/\/dmd-mongolie.com\/en\/#organization","name":"DMD","url":"https:\/\/dmd-mongolie.com\/en\/","logo":{"@type":"ImageObject","inLanguage":"en-US","@id":"https:\/\/dmd-mongolie.com\/en\/#\/schema\/logo\/image\/","url":"https:\/\/dmd-mongolie.com\/en\/wp-content\/uploads\/2023\/12\/cropped-DMD-Logo-small-sans-fond-2-1.png","contentUrl":"https:\/\/dmd-mongolie.com\/en\/wp-content\/uploads\/2023\/12\/cropped-DMD-Logo-small-sans-fond-2-1.png","width":220,"height":91,"caption":"DMD"},"image":{"@id":"https:\/\/dmd-mongolie.com\/en\/#\/schema\/logo\/image\/"}}]}},"_links":{"self":[{"href":"https:\/\/dmd-mongolie.com\/en\/wp-json\/wp\/v2\/pages\/15","targetHints":{"allow":["GET"]}}],"collection":[{"href":"https:\/\/dmd-mongolie.com\/en\/wp-json\/wp\/v2\/pages"}],"about":[{"href":"https:\/\/dmd-mongolie.com\/en\/wp-json\/wp\/v2\/types\/page"}],"author":[{"embeddable":true,"href":"https:\/\/dmd-mongolie.com\/en\/wp-json\/wp\/v2\/users\/1"}],"replies":[{"embeddable":true,"href":"https:\/\/dmd-mongolie.com\/en\/wp-json\/wp\/v2\/comments?post=15"}],"version-history":[{"count":1,"href":"https:\/\/dmd-mongolie.com\/en\/wp-json\/wp\/v2\/pages\/15\/revisions"}],"predecessor-version":[{"id":5760,"href":"https:\/\/dmd-mongolie.com\/en\/wp-json\/wp\/v2\/pages\/15\/revisions\/5760"}],"wp:attachment":[{"href":"https:\/\/dmd-mongolie.com\/en\/wp-json\/wp\/v2\/media?parent=15"}],"curies":[{"name":"wp","href":"https:\/\/api.w.org\/{rel}","templated":true}]}}