{"id":6025,"date":"2017-07-01T10:38:04","date_gmt":"2017-07-01T10:38:04","guid":{"rendered":"http:\/\/dmd-mongolie.com\/en\/contactez-nous\/"},"modified":"2020-04-02T17:53:54","modified_gmt":"2020-04-02T17:53:54","slug":"contact-us","status":"publish","type":"page","link":"https:\/\/dmd-mongolie.com\/en\/contact-us\/","title":{"rendered":"Contact us"},"content":{"rendered":"\t\t<div data-elementor-type=\"wp-page\" data-elementor-id=\"6025\" class=\"elementor elementor-6025\">\n\t\t\t\t\t\t<section class=\"elementor-section elementor-top-section elementor-element elementor-element-b7aecb4 elementor-section-full_width elementor-section-height-min-height elementor-section-height-default elementor-section-items-middle elementor-invisible\" data-id=\"b7aecb4\" data-element_type=\"section\" data-settings=\"{&quot;background_background&quot;:&quot;classic&quot;,&quot;animation&quot;:&quot;fadeInUp&quot;}\">\n\t\t\t\t\t\t<div class=\"elementor-container elementor-column-gap-no\">\n\t\t\t\t\t<div class=\"elementor-column elementor-col-100 elementor-top-column elementor-element elementor-element-465eacb\" data-id=\"465eacb\" data-element_type=\"column\">\n\t\t\t<div class=\"elementor-widget-wrap elementor-element-populated\">\n\t\t\t\t\t\t<div class=\"elementor-element elementor-element-6551d56 elementor-widget elementor-widget-heading\" data-id=\"6551d56\" data-element_type=\"widget\" data-widget_type=\"heading.default\">\n\t\t\t\t<div class=\"elementor-widget-container\">\n\t\t\t\t\t<h2 class=\"elementor-heading-title elementor-size-default\">Contact us<\/h2>\t\t\t\t<\/div>\n\t\t\t\t<\/div>\n\t\t\t\t\t<\/div>\n\t\t<\/div>\n\t\t\t\t\t<\/div>\n\t\t<\/section>\n\t\t\t\t<section class=\"elementor-section elementor-top-section elementor-element elementor-element-1c1e3b2 elementor-section-boxed elementor-section-height-default elementor-section-height-default\" data-id=\"1c1e3b2\" data-element_type=\"section\">\n\t\t\t\t\t\t<div class=\"elementor-container elementor-column-gap-default\">\n\t\t\t\t\t<div class=\"elementor-column elementor-col-33 elementor-top-column elementor-element elementor-element-e88e468 elementor-invisible\" data-id=\"e88e468\" data-element_type=\"column\" data-settings=\"{&quot;background_background&quot;:&quot;classic&quot;,&quot;animation&quot;:&quot;fadeInUp&quot;}\">\n\t\t\t<div class=\"elementor-widget-wrap elementor-element-populated\">\n\t\t\t\t\t\t<div class=\"elementor-element elementor-element-fae4217 elementor-widget elementor-widget-heading\" data-id=\"fae4217\" data-element_type=\"widget\" data-widget_type=\"heading.default\">\n\t\t\t\t<div class=\"elementor-widget-container\">\n\t\t\t\t\t<h4 class=\"elementor-heading-title elementor-size-default\">Address<\/h4>\t\t\t\t<\/div>\n\t\t\t\t<\/div>\n\t\t\t\t<div class=\"elementor-element elementor-element-673e430 elementor-widget elementor-widget-text-editor\" data-id=\"673e430\" data-element_type=\"widget\" data-widget_type=\"text-editor.default\">\n\t\t\t\t<div class=\"elementor-widget-container\">\n\t\t\t\t\t\t\t\t\tDMD, Grand Plaza \u2013 1104 Peace avenue \u2013 46 Ulaanbaatar \u2013 210628 ZIP \u2013 14253 MONGOLIA\t\t\t\t\t\t\t\t<\/div>\n\t\t\t\t<\/div>\n\t\t\t\t\t<\/div>\n\t\t<\/div>\n\t\t\t\t<div class=\"elementor-column elementor-col-33 elementor-top-column elementor-element elementor-element-d4fc6cc elementor-invisible\" data-id=\"d4fc6cc\" data-element_type=\"column\" data-settings=\"{&quot;background_background&quot;:&quot;classic&quot;,&quot;animation&quot;:&quot;fadeInUp&quot;}\">\n\t\t\t<div class=\"elementor-widget-wrap elementor-element-populated\">\n\t\t\t\t\t\t<div class=\"elementor-element elementor-element-dbb0870 elementor-widget elementor-widget-heading\" data-id=\"dbb0870\" data-element_type=\"widget\" data-widget_type=\"heading.default\">\n\t\t\t\t<div class=\"elementor-widget-container\">\n\t\t\t\t\t<h4 class=\"elementor-heading-title elementor-size-default\">Access<\/h4>\t\t\t\t<\/div>\n\t\t\t\t<\/div>\n\t\t\t\t<div class=\"elementor-element elementor-element-9545c37 elementor-widget elementor-widget-text-editor\" data-id=\"9545c37\" data-element_type=\"widget\" data-widget_type=\"text-editor.default\">\n\t\t\t\t<div class=\"elementor-widget-container\">\n\t\t\t\t\t\t\t\t\tPour nous rendre visite, il faut rentrer du c\u00f4t\u00e9 des bureaux, c\u2019est-\u00e0-dire par l\u2019entr\u00e9e du c\u00f4t\u00e9 de Seoul Street. 11e \u00e9tage, bureau 1104\t\t\t\t\t\t\t\t<\/div>\n\t\t\t\t<\/div>\n\t\t\t\t\t<\/div>\n\t\t<\/div>\n\t\t\t\t<div class=\"elementor-column elementor-col-33 elementor-top-column elementor-element elementor-element-5ad3b8c elementor-invisible\" data-id=\"5ad3b8c\" data-element_type=\"column\" data-settings=\"{&quot;background_background&quot;:&quot;classic&quot;,&quot;animation&quot;:&quot;fadeInUp&quot;}\">\n\t\t\t<div class=\"elementor-widget-wrap elementor-element-populated\">\n\t\t\t\t\t\t<div class=\"elementor-element elementor-element-13aa3eb elementor-widget elementor-widget-heading\" data-id=\"13aa3eb\" data-element_type=\"widget\" data-widget_type=\"heading.default\">\n\t\t\t\t<div class=\"elementor-widget-container\">\n\t\t\t\t\t<h4 class=\"elementor-heading-title elementor-size-default\">Email<\/h4>\t\t\t\t<\/div>\n\t\t\t\t<\/div>\n\t\t\t\t<div class=\"elementor-element elementor-element-64f7e56 elementor-widget elementor-widget-text-editor\" data-id=\"64f7e56\" data-element_type=\"widget\" data-widget_type=\"text-editor.default\">\n\t\t\t\t<div class=\"elementor-widget-container\">\n\t\t\t\t\t\t\t\t\t<p><a href=\"mailto:info@dmd-mongolie.com\">info@dmd-mongolie.com<\/a><\/p>\t\t\t\t\t\t\t\t<\/div>\n\t\t\t\t<\/div>\n\t\t\t\t\t<\/div>\n\t\t<\/div>\n\t\t\t\t\t<\/div>\n\t\t<\/section>\n\t\t\t\t<section class=\"elementor-section elementor-top-section elementor-element elementor-element-3300529 elementor-section-boxed elementor-section-height-default elementor-section-height-default\" data-id=\"3300529\" data-element_type=\"section\">\n\t\t\t\t\t\t<div class=\"elementor-container elementor-column-gap-default\">\n\t\t\t\t\t<div class=\"elementor-column elementor-col-33 elementor-top-column elementor-element elementor-element-9349a1a elementor-invisible\" data-id=\"9349a1a\" data-element_type=\"column\" data-settings=\"{&quot;background_background&quot;:&quot;classic&quot;,&quot;animation&quot;:&quot;fadeInUp&quot;}\">\n\t\t\t<div class=\"elementor-widget-wrap elementor-element-populated\">\n\t\t\t\t\t\t<div class=\"elementor-element elementor-element-0e16555 elementor-widget elementor-widget-heading\" data-id=\"0e16555\" data-element_type=\"widget\" data-widget_type=\"heading.default\">\n\t\t\t\t<div class=\"elementor-widget-container\">\n\t\t\t\t\t<h4 class=\"elementor-heading-title elementor-size-default\">Phone<\/h4>\t\t\t\t<\/div>\n\t\t\t\t<\/div>\n\t\t\t\t<div class=\"elementor-element elementor-element-62988ff elementor-widget elementor-widget-text-editor\" data-id=\"62988ff\" data-element_type=\"widget\" data-widget_type=\"text-editor.default\">\n\t\t\t\t<div class=\"elementor-widget-container\">\n\t\t\t\t\t\t\t\t\t<a href=\"tel:+97670115534\">(+976)70115534<\/a> <br\/>\n<a href=\"tel:+97670116169\">(+976)70116169<\/a>\t\t\t\t\t\t\t\t<\/div>\n\t\t\t\t<\/div>\n\t\t\t\t\t<\/div>\n\t\t<\/div>\n\t\t\t\t<div class=\"elementor-column elementor-col-33 elementor-top-column elementor-element elementor-element-931e41f elementor-invisible\" data-id=\"931e41f\" data-element_type=\"column\" data-settings=\"{&quot;background_background&quot;:&quot;classic&quot;,&quot;animation&quot;:&quot;fadeInUp&quot;}\">\n\t\t\t<div class=\"elementor-widget-wrap elementor-element-populated\">\n\t\t\t\t\t\t<div class=\"elementor-element elementor-element-2f5a1fb elementor-widget elementor-widget-heading\" data-id=\"2f5a1fb\" data-element_type=\"widget\" data-widget_type=\"heading.default\">\n\t\t\t\t<div class=\"elementor-widget-container\">\n\t\t\t\t\t<h4 class=\"elementor-heading-title elementor-size-default\">Fax<\/h4>\t\t\t\t<\/div>\n\t\t\t\t<\/div>\n\t\t\t\t<div class=\"elementor-element elementor-element-374a9d1 elementor-widget elementor-widget-text-editor\" data-id=\"374a9d1\" data-element_type=\"widget\" data-widget_type=\"text-editor.default\">\n\t\t\t\t<div class=\"elementor-widget-container\">\n\t\t\t\t\t\t\t\t\t<p><a href=\"fax:+97670117927\">(+976)70117927<\/a><\/p>\t\t\t\t\t\t\t\t<\/div>\n\t\t\t\t<\/div>\n\t\t\t\t\t<\/div>\n\t\t<\/div>\n\t\t\t\t<div class=\"elementor-column elementor-col-33 elementor-top-column elementor-element elementor-element-4bb602a elementor-invisible\" data-id=\"4bb602a\" data-element_type=\"column\" data-settings=\"{&quot;background_background&quot;:&quot;classic&quot;,&quot;animation&quot;:&quot;fadeInUp&quot;}\">\n\t\t\t<div class=\"elementor-widget-wrap elementor-element-populated\">\n\t\t\t\t\t\t<div class=\"elementor-element elementor-element-bfc0c78 elementor-widget elementor-widget-heading\" data-id=\"bfc0c78\" data-element_type=\"widget\" data-widget_type=\"heading.default\">\n\t\t\t\t<div class=\"elementor-widget-container\">\n\t\t\t\t\t<h4 class=\"elementor-heading-title elementor-size-default\">For the taxi<\/h4>\t\t\t\t<\/div>\n\t\t\t\t<\/div>\n\t\t\t\t<div class=\"elementor-element elementor-element-8ce740f elementor-widget elementor-widget-text-editor\" data-id=\"8ce740f\" data-element_type=\"widget\" data-widget_type=\"text-editor.default\">\n\t\t\t\t<div class=\"elementor-widget-container\">\n\t\t\t\t\t\t\t\t\t<p>\u0413\u0440\u0430\u043d\u0434 \u041f\u043b\u0430\u0437\u0430 \u0411\u0430\u0440\u0443\u0443\u043d \u0434\u04e9\u0440\u0432\u04e9\u043d \u0437\u0430\u043c<\/p>\t\t\t\t\t\t\t\t<\/div>\n\t\t\t\t<\/div>\n\t\t\t\t\t<\/div>\n\t\t<\/div>\n\t\t\t\t\t<\/div>\n\t\t<\/section>\n\t\t\t\t<section class=\"elementor-section elementor-top-section elementor-element elementor-element-41202d9 elementor-section-full_width elementor-section-height-default elementor-section-height-default\" data-id=\"41202d9\" data-element_type=\"section\">\n\t\t\t\t\t\t<div class=\"elementor-container elementor-column-gap-default\">\n\t\t\t\t\t<div class=\"elementor-column elementor-col-50 elementor-top-column elementor-element elementor-element-51d9c2e\" data-id=\"51d9c2e\" data-element_type=\"column\">\n\t\t\t<div class=\"elementor-widget-wrap elementor-element-populated\">\n\t\t\t\t\t\t<div class=\"elementor-element elementor-element-6f1bc87 elementor-widget elementor-widget-google_maps\" data-id=\"6f1bc87\" data-element_type=\"widget\" data-widget_type=\"google_maps.default\">\n\t\t\t\t<div class=\"elementor-widget-container\">\n\t\t\t\t\t\t\t<div class=\"elementor-custom-embed\">\n\t\t\t<iframe loading=\"lazy\"\n\t\t\t\t\tsrc=\"https:\/\/maps.google.com\/maps?q=DMD%20mongolie&#038;t=m&#038;z=10&#038;output=embed&#038;iwloc=near\"\n\t\t\t\t\ttitle=\"DMD mongolie\"\n\t\t\t\t\taria-label=\"DMD mongolie\"\n\t\t\t><\/iframe>\n\t\t<\/div>\n\t\t\t\t\t\t<\/div>\n\t\t\t\t<\/div>\n\t\t\t\t\t<\/div>\n\t\t<\/div>\n\t\t\t\t<div class=\"elementor-column elementor-col-50 elementor-top-column elementor-element elementor-element-d82b7aa\" data-id=\"d82b7aa\" data-element_type=\"column\">\n\t\t\t<div class=\"elementor-widget-wrap elementor-element-populated\">\n\t\t\t\t\t\t<div class=\"elementor-element elementor-element-4b7b55a elementor-widget elementor-widget-text-editor\" data-id=\"4b7b55a\" data-element_type=\"widget\" data-widget_type=\"text-editor.default\">\n\t\t\t\t<div class=\"elementor-widget-container\">\n\t\t\t\t\t\t\t\t\t<p><div class=\"frm_forms  with_frm_style frm_style_formidable-style\" id=\"frm_form_2_container\" >\n<form enctype=\"multipart\/form-data\" method=\"post\" class=\"frm-show-form  frm_pro_form \" id=\"form_contactform\" >\n<div class=\"frm_form_fields \">\n<fieldset>\n<legend class=\"frm_hidden\">Contact us<\/legend>\r\n\r\n<div class=\"frm_fields_container\">\n<input type=\"hidden\" name=\"frm_action\" value=\"create\" \/>\n<input type=\"hidden\" name=\"form_id\" value=\"2\" \/>\n<input type=\"hidden\" name=\"frm_hide_fields_2\" id=\"frm_hide_fields_2\" value=\"\" \/>\n<input type=\"hidden\" name=\"form_key\" value=\"contactform\" \/>\n<input type=\"hidden\" name=\"item_meta[0]\" value=\"\" \/>\n<input type=\"hidden\" id=\"frm_submit_entry_2\" name=\"frm_submit_entry_2\" value=\"3b6584cb88\" \/><input type=\"hidden\" name=\"_wp_http_referer\" value=\"\/en\/wp-json\/wp\/v2\/pages\/6025\" \/><div id=\"frm_field_8_container\" class=\"frm_form_field form-field  frm_required_field frm_top_container\">\r\n    <label for=\"field_hhu93\" class=\"frm_primary_label\">Nom\r\n        <span class=\"frm_required\">*<\/span>\r\n    <\/label>\r\n    <input  type=\"text\" id=\"field_hhu93\" name=\"item_meta[8]\" value=\"\"  data-reqmsg=\"Nom cannot be blank.\" aria-required=\"true\" data-invmsg=\"Nom is invalid\" aria-invalid=\"false\"   \/>\r\n    \r\n    \r\n<\/div>\n<div id=\"frm_field_10_container\" class=\"frm_form_field form-field  frm_required_field frm_top_container\">\r\n    <label for=\"field_miews\" class=\"frm_primary_label\">Email\r\n        <span class=\"frm_required\">*<\/span>\r\n    <\/label>\r\n    <input type=\"email\" id=\"field_miews\" name=\"item_meta[10]\" value=\"\"  data-reqmsg=\"Email cannot be blank.\" aria-required=\"true\" data-invmsg=\"Email is invalid\" aria-invalid=\"false\"  \/>\r\n    \r\n    \r\n<\/div>\n<div id=\"frm_field_11_container\" class=\"frm_form_field form-field  frm_required_field frm_top_container\">\r\n    <label for=\"field_hn7b3\" class=\"frm_primary_label\">T\u00e9l\u00e9phone\r\n        <span class=\"frm_required\">*<\/span>\r\n    <\/label>\r\n    <input  type=\"text\" id=\"field_hn7b3\" name=\"item_meta[11]\" value=\"\"  data-reqmsg=\"T\u00e9l\u00e9phone cannot be blank.\" aria-required=\"true\" data-invmsg=\"T\u00e9l\u00e9phone is invalid\" aria-invalid=\"false\"   \/>\r\n    \r\n    \r\n<\/div>\n<div id=\"frm_field_12_container\" class=\"frm_form_field form-field  frm_required_field frm_top_container\">\r\n    <label for=\"field_vxiw5\" class=\"frm_primary_label\">Votre message\r\n        <span class=\"frm_required\">*<\/span>\r\n    <\/label>\r\n    <textarea name=\"item_meta[12]\" id=\"field_vxiw5\" rows=\"5\"  data-reqmsg=\"Votre message cannot be blank.\" aria-required=\"true\" data-invmsg=\"Votre message is invalid\" aria-invalid=\"false\"  ><\/textarea>\r\n    \r\n    \r\n<\/div>\n<div id=\"frm_field_58_container\" class=\"frm_form_field form-field  frm_none_container\">\n    <label for=\"g-recaptcha-response\" id=\"field_ha6db_label\" class=\"frm_primary_label\">reCAPTCHA\n        <span class=\"frm_required\"><\/span>\n    <\/label>\n    <div  id=\"field_ha6db\" class=\"frm-g-recaptcha\" data-sitekey=\"6Ldaf9cUAAAAAAGtaoZnT9GVGCb1-vwQJ52TtTM6\" data-size=\"normal\" data-theme=\"light\"><\/div>\n    \n    \n<\/div>\n\t<input type=\"hidden\" name=\"item_key\" value=\"\" \/>\n\t\t\t<div id=\"frm_field_81_container\">\n\t\t\t<label for=\"field_if6uz\" >\n\t\t\t\tIf you are human, leave this field blank.\t\t\t<\/label>\n\t\t\t<input  id=\"field_if6uz\" type=\"text\" class=\"frm_form_field form-field frm_verify\" name=\"item_meta[81]\" value=\"\"  \/>\n\t\t<\/div>\n\t\t<input name=\"frm_state\" type=\"hidden\" value=\"UwZ8wG0Lgab9H4+7VxlZAAPsBYFejvPx0xrmdEp1kpcYXu7wXAVDp5KFMM2UBYPp\" \/><div class=\"frm_submit\">\r\n\r\n<button class=\"frm_button_submit frm_final_submit\" type=\"submit\"   formnovalidate=\"formnovalidate\">Envoyer<\/button>\r\n\r\n<\/div><\/div>\n<\/fieldset>\n<\/div>\n\n<p style=\"display: none !important;\" class=\"akismet-fields-container\" data-prefix=\"ak_\"><label>&#916;<textarea name=\"ak_hp_textarea\" cols=\"45\" rows=\"8\" maxlength=\"100\"><\/textarea><\/label><input type=\"hidden\" id=\"ak_js_1\" name=\"ak_js\" value=\"165\"\/><script>document.getElementById( \"ak_js_1\" ).setAttribute( \"value\", ( new Date() ).getTime() );<\/script><\/p><\/form>\n<\/div>\n<\/p>\t\t\t\t\t\t\t\t<\/div>\n\t\t\t\t<\/div>\n\t\t\t\t\t<\/div>\n\t\t<\/div>\n\t\t\t\t\t<\/div>\n\t\t<\/section>\n\t\t\t\t<\/div>\n\t\t","protected":false},"excerpt":{"rendered":"<p>Contact us Address DMD, Grand Plaza \u2013 1104 Peace avenue \u2013 46 Ulaanbaatar \u2013 210628 ZIP \u2013 14253 MONGOLIA Access Pour nous rendre visite, il faut rentrer du c\u00f4t\u00e9 des &hellip; <\/p>\n","protected":false},"author":2,"featured_media":0,"parent":0,"menu_order":0,"comment_status":"closed","ping_status":"closed","template":"elementor_header_footer","meta":{"content-type":"","_monsterinsights_skip_tracking":false,"_monsterinsights_sitenote_active":false,"_monsterinsights_sitenote_note":"","_monsterinsights_sitenote_category":0,"footnotes":""},"class_list":["post-6025","page","type-page","status-publish","hentry","latest_post"],"yoast_head":"<!-- This site is optimized with the Yoast SEO plugin v26.7 - https:\/\/yoast.com\/wordpress\/plugins\/seo\/ -->\n<title>Contact us - DMD<\/title>\n<meta name=\"robots\" content=\"index, follow, max-snippet:-1, max-image-preview:large, max-video-preview:-1\" \/>\n<link rel=\"canonical\" href=\"https:\/\/dmd-mongolie.com\/en\/contact-us\/\" \/>\n<meta property=\"og:locale\" content=\"en_US\" \/>\n<meta property=\"og:type\" content=\"article\" \/>\n<meta property=\"og:title\" content=\"Contact us - DMD\" \/>\n<meta property=\"og:description\" content=\"Contact us Address DMD, Grand Plaza \u2013 1104 Peace avenue \u2013 46 Ulaanbaatar \u2013 210628 ZIP \u2013 14253 MONGOLIA Access Pour nous rendre visite, il faut rentrer du c\u00f4t\u00e9 des &hellip;\" \/>\n<meta property=\"og:url\" content=\"https:\/\/dmd-mongolie.com\/en\/contact-us\/\" \/>\n<meta property=\"og:site_name\" content=\"DMD\" \/>\n<meta property=\"article:modified_time\" content=\"2020-04-02T17:53:54+00:00\" \/>\n<meta name=\"twitter:card\" content=\"summary_large_image\" \/>\n<script type=\"application\/ld+json\" class=\"yoast-schema-graph\">{\"@context\":\"https:\/\/schema.org\",\"@graph\":[{\"@type\":\"WebPage\",\"@id\":\"https:\/\/dmd-mongolie.com\/en\/contact-us\/\",\"url\":\"https:\/\/dmd-mongolie.com\/en\/contact-us\/\",\"name\":\"Contact us - DMD\",\"isPartOf\":{\"@id\":\"https:\/\/dmd-mongolie.com\/en\/#website\"},\"datePublished\":\"2017-07-01T10:38:04+00:00\",\"dateModified\":\"2020-04-02T17:53:54+00:00\",\"inLanguage\":\"en-US\",\"potentialAction\":[{\"@type\":\"ReadAction\",\"target\":[\"https:\/\/dmd-mongolie.com\/en\/contact-us\/\"]}]},{\"@type\":\"WebSite\",\"@id\":\"https:\/\/dmd-mongolie.com\/en\/#website\",\"url\":\"https:\/\/dmd-mongolie.com\/en\/\",\"name\":\"DMD\",\"description\":\"Discover Mongolia &amp; Development\",\"publisher\":{\"@id\":\"https:\/\/dmd-mongolie.com\/en\/#organization\"},\"potentialAction\":[{\"@type\":\"SearchAction\",\"target\":{\"@type\":\"EntryPoint\",\"urlTemplate\":\"https:\/\/dmd-mongolie.com\/en\/?s={search_term_string}\"},\"query-input\":{\"@type\":\"PropertyValueSpecification\",\"valueRequired\":true,\"valueName\":\"search_term_string\"}}],\"inLanguage\":\"en-US\"},{\"@type\":\"Organization\",\"@id\":\"https:\/\/dmd-mongolie.com\/en\/#organization\",\"name\":\"DMD\",\"url\":\"https:\/\/dmd-mongolie.com\/en\/\",\"logo\":{\"@type\":\"ImageObject\",\"inLanguage\":\"en-US\",\"@id\":\"https:\/\/dmd-mongolie.com\/en\/#\/schema\/logo\/image\/\",\"url\":\"https:\/\/dmd-mongolie.com\/en\/wp-content\/uploads\/2023\/12\/cropped-DMD-Logo-small-sans-fond-2-1.png\",\"contentUrl\":\"https:\/\/dmd-mongolie.com\/en\/wp-content\/uploads\/2023\/12\/cropped-DMD-Logo-small-sans-fond-2-1.png\",\"width\":220,\"height\":91,\"caption\":\"DMD\"},\"image\":{\"@id\":\"https:\/\/dmd-mongolie.com\/en\/#\/schema\/logo\/image\/\"}}]}<\/script>\n<!-- \/ Yoast SEO plugin. -->","yoast_head_json":{"title":"Contact us - DMD","robots":{"index":"index","follow":"follow","max-snippet":"max-snippet:-1","max-image-preview":"max-image-preview:large","max-video-preview":"max-video-preview:-1"},"canonical":"https:\/\/dmd-mongolie.com\/en\/contact-us\/","og_locale":"en_US","og_type":"article","og_title":"Contact us - DMD","og_description":"Contact us Address DMD, Grand Plaza \u2013 1104 Peace avenue \u2013 46 Ulaanbaatar \u2013 210628 ZIP \u2013 14253 MONGOLIA Access Pour nous rendre visite, il faut rentrer du c\u00f4t\u00e9 des &hellip;","og_url":"https:\/\/dmd-mongolie.com\/en\/contact-us\/","og_site_name":"DMD","article_modified_time":"2020-04-02T17:53:54+00:00","twitter_card":"summary_large_image","schema":{"@context":"https:\/\/schema.org","@graph":[{"@type":"WebPage","@id":"https:\/\/dmd-mongolie.com\/en\/contact-us\/","url":"https:\/\/dmd-mongolie.com\/en\/contact-us\/","name":"Contact us - DMD","isPartOf":{"@id":"https:\/\/dmd-mongolie.com\/en\/#website"},"datePublished":"2017-07-01T10:38:04+00:00","dateModified":"2020-04-02T17:53:54+00:00","inLanguage":"en-US","potentialAction":[{"@type":"ReadAction","target":["https:\/\/dmd-mongolie.com\/en\/contact-us\/"]}]},{"@type":"WebSite","@id":"https:\/\/dmd-mongolie.com\/en\/#website","url":"https:\/\/dmd-mongolie.com\/en\/","name":"DMD","description":"Discover Mongolia &amp; Development","publisher":{"@id":"https:\/\/dmd-mongolie.com\/en\/#organization"},"potentialAction":[{"@type":"SearchAction","target":{"@type":"EntryPoint","urlTemplate":"https:\/\/dmd-mongolie.com\/en\/?s={search_term_string}"},"query-input":{"@type":"PropertyValueSpecification","valueRequired":true,"valueName":"search_term_string"}}],"inLanguage":"en-US"},{"@type":"Organization","@id":"https:\/\/dmd-mongolie.com\/en\/#organization","name":"DMD","url":"https:\/\/dmd-mongolie.com\/en\/","logo":{"@type":"ImageObject","inLanguage":"en-US","@id":"https:\/\/dmd-mongolie.com\/en\/#\/schema\/logo\/image\/","url":"https:\/\/dmd-mongolie.com\/en\/wp-content\/uploads\/2023\/12\/cropped-DMD-Logo-small-sans-fond-2-1.png","contentUrl":"https:\/\/dmd-mongolie.com\/en\/wp-content\/uploads\/2023\/12\/cropped-DMD-Logo-small-sans-fond-2-1.png","width":220,"height":91,"caption":"DMD"},"image":{"@id":"https:\/\/dmd-mongolie.com\/en\/#\/schema\/logo\/image\/"}}]}},"_links":{"self":[{"href":"https:\/\/dmd-mongolie.com\/en\/wp-json\/wp\/v2\/pages\/6025","targetHints":{"allow":["GET"]}}],"collection":[{"href":"https:\/\/dmd-mongolie.com\/en\/wp-json\/wp\/v2\/pages"}],"about":[{"href":"https:\/\/dmd-mongolie.com\/en\/wp-json\/wp\/v2\/types\/page"}],"author":[{"embeddable":true,"href":"https:\/\/dmd-mongolie.com\/en\/wp-json\/wp\/v2\/users\/2"}],"replies":[{"embeddable":true,"href":"https:\/\/dmd-mongolie.com\/en\/wp-json\/wp\/v2\/comments?post=6025"}],"version-history":[{"count":3,"href":"https:\/\/dmd-mongolie.com\/en\/wp-json\/wp\/v2\/pages\/6025\/revisions"}],"predecessor-version":[{"id":6389,"href":"https:\/\/dmd-mongolie.com\/en\/wp-json\/wp\/v2\/pages\/6025\/revisions\/6389"}],"wp:attachment":[{"href":"https:\/\/dmd-mongolie.com\/en\/wp-json\/wp\/v2\/media?parent=6025"}],"curies":[{"name":"wp","href":"https:\/\/api.w.org\/{rel}","templated":true}]}}